{"id":18048,"date":"2025-08-26T17:07:08","date_gmt":"2025-08-26T21:07:08","guid":{"rendered":"http:\/\/www.algodesign.com\/azur\/"},"modified":"2026-02-01T17:16:09","modified_gmt":"2026-02-01T22:16:09","slug":"azur","status":"publish","type":"page","link":"https:\/\/www.algodesign.com\/en\/azur\/","title":{"rendered":"Azur"},"content":{"rendered":"\t\t<div data-elementor-type=\"wp-page\" data-elementor-id=\"18048\" class=\"elementor elementor-18048 elementor-18034\" data-elementor-settings=\"{&quot;ha_cmc_init_switcher&quot;:&quot;no&quot;,&quot;element_pack_global_tooltip_width&quot;:{&quot;unit&quot;:&quot;px&quot;,&quot;size&quot;:&quot;&quot;,&quot;sizes&quot;:[]},&quot;element_pack_global_tooltip_width_tablet&quot;:{&quot;unit&quot;:&quot;px&quot;,&quot;size&quot;:&quot;&quot;,&quot;sizes&quot;:[]},&quot;element_pack_global_tooltip_width_mobile&quot;:{&quot;unit&quot;:&quot;px&quot;,&quot;size&quot;:&quot;&quot;,&quot;sizes&quot;:[]},&quot;element_pack_global_tooltip_padding&quot;:{&quot;unit&quot;:&quot;px&quot;,&quot;top&quot;:&quot;&quot;,&quot;right&quot;:&quot;&quot;,&quot;bottom&quot;:&quot;&quot;,&quot;left&quot;:&quot;&quot;,&quot;isLinked&quot;:true},&quot;element_pack_global_tooltip_padding_tablet&quot;:{&quot;unit&quot;:&quot;px&quot;,&quot;top&quot;:&quot;&quot;,&quot;right&quot;:&quot;&quot;,&quot;bottom&quot;:&quot;&quot;,&quot;left&quot;:&quot;&quot;,&quot;isLinked&quot;:true},&quot;element_pack_global_tooltip_padding_mobile&quot;:{&quot;unit&quot;:&quot;px&quot;,&quot;top&quot;:&quot;&quot;,&quot;right&quot;:&quot;&quot;,&quot;bottom&quot;:&quot;&quot;,&quot;left&quot;:&quot;&quot;,&quot;isLinked&quot;:true},&quot;element_pack_global_tooltip_border_radius&quot;:{&quot;unit&quot;:&quot;px&quot;,&quot;top&quot;:&quot;&quot;,&quot;right&quot;:&quot;&quot;,&quot;bottom&quot;:&quot;&quot;,&quot;left&quot;:&quot;&quot;,&quot;isLinked&quot;:true},&quot;element_pack_global_tooltip_border_radius_tablet&quot;:{&quot;unit&quot;:&quot;px&quot;,&quot;top&quot;:&quot;&quot;,&quot;right&quot;:&quot;&quot;,&quot;bottom&quot;:&quot;&quot;,&quot;left&quot;:&quot;&quot;,&quot;isLinked&quot;:true},&quot;element_pack_global_tooltip_border_radius_mobile&quot;:{&quot;unit&quot;:&quot;px&quot;,&quot;top&quot;:&quot;&quot;,&quot;right&quot;:&quot;&quot;,&quot;bottom&quot;:&quot;&quot;,&quot;left&quot;:&quot;&quot;,&quot;isLinked&quot;:true}}\" data-elementor-post-type=\"page\">\n\t\t\t\t\t\t<section class=\"elementor-section elementor-top-section elementor-element elementor-element-e47274e elementor-section-content-middle elementor-section-stretched elementor-section-full_width elementor-section-height-min-height elementor-section-height-default elementor-section-items-middle elementor-invisible\" data-id=\"e47274e\" data-element_type=\"section\" data-e-type=\"section\" data-settings=\"{&quot;stretch_section&quot;:&quot;section-stretched&quot;,&quot;background_background&quot;:&quot;classic&quot;,&quot;animation&quot;:&quot;fadeIn&quot;,&quot;_ha_eqh_enable&quot;:false}\">\n\t\t\t\t\t\t\t<div class=\"elementor-background-overlay\"><\/div>\n\t\t\t\t\t\t\t<div class=\"elementor-container elementor-column-gap-no\">\n\t\t\t\t\t<div class=\"elementor-column elementor-col-100 elementor-top-column elementor-element elementor-element-40c0e09\" data-id=\"40c0e09\" data-element_type=\"column\" data-e-type=\"column\">\n\t\t\t<div class=\"elementor-widget-wrap elementor-element-populated\">\n\t\t\t\t\t\t<div class=\"elementor-element elementor-element-2f71fa9 elementor-widget elementor-widget-heading\" data-id=\"2f71fa9\" data-element_type=\"widget\" data-e-type=\"widget\" data-widget_type=\"heading.default\">\n\t\t\t\t\t<h2 class=\"elementor-heading-title elementor-size-default\">Azur<\/h2>\t\t\t\t<\/div>\n\t\t\t\t\t<\/div>\n\t\t<\/div>\n\t\t\t\t\t<\/div>\n\t\t<\/section>\n\t\t\t\t<section class=\"elementor-section elementor-top-section elementor-element elementor-element-05b792e elementor-section-boxed elementor-section-height-default elementor-section-height-default\" data-id=\"05b792e\" data-element_type=\"section\" data-e-type=\"section\" data-settings=\"{&quot;background_background&quot;:&quot;classic&quot;,&quot;_ha_eqh_enable&quot;:false}\">\n\t\t\t\t\t\t<div class=\"elementor-container elementor-column-gap-default\">\n\t\t\t\t\t<div class=\"elementor-column elementor-col-100 elementor-top-column elementor-element elementor-element-4c6e924\" data-id=\"4c6e924\" data-element_type=\"column\" data-e-type=\"column\">\n\t\t\t<div class=\"elementor-widget-wrap elementor-element-populated\">\n\t\t\t\t\t\t<section class=\"elementor-section elementor-inner-section elementor-element elementor-element-2057c2d elementor-section-boxed elementor-section-height-default elementor-section-height-default\" data-id=\"2057c2d\" data-element_type=\"section\" data-e-type=\"section\" data-settings=\"{&quot;_ha_eqh_enable&quot;:false}\">\n\t\t\t\t\t\t<div class=\"elementor-container elementor-column-gap-default\">\n\t\t\t\t\t<div class=\"elementor-column elementor-col-50 elementor-inner-column elementor-element elementor-element-765b523\" data-id=\"765b523\" data-element_type=\"column\" data-e-type=\"column\">\n\t\t\t<div class=\"elementor-widget-wrap elementor-element-populated\">\n\t\t\t\t\t\t<div class=\"elementor-element elementor-element-11d67c8 elementor-widget__width-initial ha-has-bg-overlay elementor-widget elementor-widget-heading\" data-id=\"11d67c8\" data-element_type=\"widget\" data-e-type=\"widget\" data-widget_type=\"heading.default\">\n\t\t\t\t\t<h1 class=\"elementor-heading-title elementor-size-default\">A comprehensive and robust platform for your operations<\/h1>\t\t\t\t<\/div>\n\t\t\t\t\t<\/div>\n\t\t<\/div>\n\t\t\t\t<div class=\"elementor-column elementor-col-50 elementor-inner-column elementor-element elementor-element-c36a7f4\" data-id=\"c36a7f4\" data-element_type=\"column\" data-e-type=\"column\">\n\t\t\t<div class=\"elementor-widget-wrap elementor-element-populated\">\n\t\t\t\t\t\t<div class=\"elementor-element elementor-element-c10b6a2 elementor-widget elementor-widget-text-editor\" data-id=\"c10b6a2\" data-element_type=\"widget\" data-e-type=\"widget\" data-widget_type=\"text-editor.default\">\n\t\t\t\t\t\t\t\t\t<p>Azur is our advanced management platform designed to consolidate your company&#8217;s administrative functions.<\/p><p>In addition to offering payroll management, Azur integrates all of our accounting modules.<\/p><p>It is also the platform for configuring and managing all environments offered by Algo Design.<\/p>\t\t\t\t\t\t\t\t<\/div>\n\t\t\t\t\t<\/div>\n\t\t<\/div>\n\t\t\t\t\t<\/div>\n\t\t<\/section>\n\t\t\t\t<div class=\"elementor-element elementor-element-05f9800 elementor-widget-divider--view-line elementor-widget elementor-widget-divider\" data-id=\"05f9800\" data-element_type=\"widget\" data-e-type=\"widget\" data-widget_type=\"divider.default\">\n\t\t\t\t\t\t\t<div class=\"elementor-divider\">\n\t\t\t<span class=\"elementor-divider-separator\">\n\t\t\t\t\t\t<\/span>\n\t\t<\/div>\n\t\t\t\t\t\t<\/div>\n\t\t\t\t\t<\/div>\n\t\t<\/div>\n\t\t\t\t\t<\/div>\n\t\t<\/section>\n\t\t\t\t<section class=\"elementor-section elementor-top-section elementor-element elementor-element-82f04ec elementor-section-boxed elementor-section-height-default elementor-section-height-default\" data-id=\"82f04ec\" data-element_type=\"section\" data-e-type=\"section\" data-settings=\"{&quot;background_background&quot;:&quot;classic&quot;,&quot;_ha_eqh_enable&quot;:false}\">\n\t\t\t\t\t\t<div class=\"elementor-container elementor-column-gap-default\">\n\t\t\t\t\t<div class=\"elementor-column elementor-col-50 elementor-top-column elementor-element elementor-element-b3c0004\" data-id=\"b3c0004\" data-element_type=\"column\" data-e-type=\"column\">\n\t\t\t<div class=\"elementor-widget-wrap elementor-element-populated\">\n\t\t\t\t\t\t<div class=\"elementor-element elementor-element-e807189 elementor-widget elementor-widget-heading\" data-id=\"e807189\" data-element_type=\"widget\" data-e-type=\"widget\" data-widget_type=\"heading.default\">\n\t\t\t\t\t<h2 class=\"elementor-heading-title elementor-size-default\">A powerful platform that adapts to your needs<\/h2>\t\t\t\t<\/div>\n\t\t\t\t<div class=\"elementor-element elementor-element-560fd1d elementor-widget elementor-widget-text-editor\" data-id=\"560fd1d\" data-element_type=\"widget\" data-e-type=\"widget\" data-widget_type=\"text-editor.default\">\n\t\t\t\t\t\t\t\t\t<p> Azur forms the basis for our entire software offering.<\/p><p>Pierre angulaire regroupant la base de donn\u00e9es unique utilis\u00e9e par toutes nos solutions et nos plateformes, Azur est l&#8217;outil pour les pilotes de syst\u00e8me, les responsables et utilisateurs des modules comptables ainsi que le personnel affect\u00e9 \u00e0 la production de la paie.<\/p><p>Azur offers the most comprehensive access to company data for entry and consultation, in addition to providing a wide range of reports and analysis developed over many years by our team of developers.<\/p><p>Azur users can access a set of accounting data according to the solutions and modules made available to each user based on their profile.<\/p><p>Azur allows you to manage multiple companies in the same environment.<\/p>\t\t\t\t\t\t\t\t<\/div>\n\t\t\t\t\t<\/div>\n\t\t<\/div>\n\t\t\t\t<div class=\"elementor-column elementor-col-50 elementor-top-column elementor-element elementor-element-b8e4c62\" data-id=\"b8e4c62\" data-element_type=\"column\" data-e-type=\"column\" data-settings=\"{&quot;background_background&quot;:&quot;classic&quot;}\">\n\t\t\t<div class=\"elementor-widget-wrap elementor-element-populated\">\n\t\t\t\t\t\t<div class=\"elementor-element elementor-element-534354b elementor-widget elementor-widget-image\" data-id=\"534354b\" data-element_type=\"widget\" data-e-type=\"widget\" data-widget_type=\"image.default\">\n\t\t\t\t\t\t\t\t\t\t\t\t\t\t\t<img fetchpriority=\"high\" decoding=\"async\" width=\"2560\" height=\"1707\" src=\"https:\/\/www.algodesign.com\/wp-content\/uploads\/2025\/09\/pexels-mikhail-nilov-7681945-scaled.jpg\" class=\"attachment-full size-full wp-image-18578\" alt=\"\" srcset=\"https:\/\/www.algodesign.com\/wp-content\/uploads\/2025\/09\/pexels-mikhail-nilov-7681945-scaled.jpg 2560w, https:\/\/www.algodesign.com\/wp-content\/uploads\/2025\/09\/pexels-mikhail-nilov-7681945-300x200.jpg 300w, https:\/\/www.algodesign.com\/wp-content\/uploads\/2025\/09\/pexels-mikhail-nilov-7681945-1024x683.jpg 1024w, https:\/\/www.algodesign.com\/wp-content\/uploads\/2025\/09\/pexels-mikhail-nilov-7681945-768x512.jpg 768w, https:\/\/www.algodesign.com\/wp-content\/uploads\/2025\/09\/pexels-mikhail-nilov-7681945-1536x1024.jpg 1536w, https:\/\/www.algodesign.com\/wp-content\/uploads\/2025\/09\/pexels-mikhail-nilov-7681945-2048x1365.jpg 2048w\" sizes=\"(max-width: 2560px) 100vw, 2560px\" \/>\t\t\t\t\t\t\t\t\t\t\t\t\t\t\t<\/div>\n\t\t\t\t\t<\/div>\n\t\t<\/div>\n\t\t\t\t\t<\/div>\n\t\t<\/section>\n\t\t\t\t<section class=\"elementor-section elementor-top-section elementor-element elementor-element-ced208a elementor-section-boxed elementor-section-height-default elementor-section-height-default\" data-id=\"ced208a\" data-element_type=\"section\" data-e-type=\"section\" data-settings=\"{&quot;_ha_eqh_enable&quot;:false}\">\n\t\t\t\t\t\t<div class=\"elementor-container elementor-column-gap-default\">\n\t\t\t\t\t<div class=\"elementor-column elementor-col-50 elementor-top-column elementor-element elementor-element-706af83\" data-id=\"706af83\" data-element_type=\"column\" data-e-type=\"column\">\n\t\t\t<div class=\"elementor-widget-wrap elementor-element-populated\">\n\t\t\t\t\t\t<div class=\"elementor-element elementor-element-4a10846 elementor-widget elementor-widget-image\" data-id=\"4a10846\" data-element_type=\"widget\" data-e-type=\"widget\" data-widget_type=\"image.default\">\n\t\t\t\t\t\t\t\t\t\t\t\t\t\t\t<img decoding=\"async\" width=\"2560\" height=\"1707\" src=\"https:\/\/www.algodesign.com\/wp-content\/uploads\/2025\/09\/pexels-olia-danilevich-4974922-1-scaled.jpg\" class=\"attachment-full size-full wp-image-18575\" alt=\"\" srcset=\"https:\/\/www.algodesign.com\/wp-content\/uploads\/2025\/09\/pexels-olia-danilevich-4974922-1-scaled.jpg 2560w, https:\/\/www.algodesign.com\/wp-content\/uploads\/2025\/09\/pexels-olia-danilevich-4974922-1-300x200.jpg 300w, https:\/\/www.algodesign.com\/wp-content\/uploads\/2025\/09\/pexels-olia-danilevich-4974922-1-1024x683.jpg 1024w, https:\/\/www.algodesign.com\/wp-content\/uploads\/2025\/09\/pexels-olia-danilevich-4974922-1-768x512.jpg 768w, https:\/\/www.algodesign.com\/wp-content\/uploads\/2025\/09\/pexels-olia-danilevich-4974922-1-1536x1024.jpg 1536w, https:\/\/www.algodesign.com\/wp-content\/uploads\/2025\/09\/pexels-olia-danilevich-4974922-1-2048x1365.jpg 2048w\" sizes=\"(max-width: 2560px) 100vw, 2560px\" \/>\t\t\t\t\t\t\t\t\t\t\t\t\t\t\t<\/div>\n\t\t\t\t\t<\/div>\n\t\t<\/div>\n\t\t\t\t<div class=\"elementor-column elementor-col-50 elementor-top-column elementor-element elementor-element-b767a6a\" data-id=\"b767a6a\" data-element_type=\"column\" data-e-type=\"column\" data-settings=\"{&quot;background_background&quot;:&quot;classic&quot;}\">\n\t\t\t<div class=\"elementor-widget-wrap elementor-element-populated\">\n\t\t\t\t\t\t<div class=\"elementor-element elementor-element-a426658 elementor-widget elementor-widget-heading\" data-id=\"a426658\" data-element_type=\"widget\" data-e-type=\"widget\" data-widget_type=\"heading.default\">\n\t\t\t\t\t<h2 class=\"elementor-heading-title elementor-size-default\">Azur offers a wide range of system configuration and management tools.<\/h2>\t\t\t\t<\/div>\n\t\t\t\t<div class=\"elementor-element elementor-element-5ea5e93 elementor-widget elementor-widget-text-editor\" data-id=\"5ea5e93\" data-element_type=\"widget\" data-e-type=\"widget\" data-widget_type=\"text-editor.default\">\n\t\t\t\t\t\t\t\t\t<p>System pilots and module pilots access Azur to define the various operating parameters for each solution and each module.<\/p><p>Whether it&#8217;s defining payroll codes, departments, inventory product codes, projects, user profiles, managing access security, or other settings necessary for the operation of our platforms and solutions, Azur is the central hub for these operations.<\/p>\t\t\t\t\t\t\t\t<\/div>\n\t\t\t\t\t<\/div>\n\t\t<\/div>\n\t\t\t\t\t<\/div>\n\t\t<\/section>\n\t\t\t\t<section class=\"elementor-section elementor-top-section elementor-element elementor-element-2caf1d9 elementor-section-boxed elementor-section-height-default elementor-section-height-default\" data-id=\"2caf1d9\" data-element_type=\"section\" data-e-type=\"section\" data-settings=\"{&quot;background_background&quot;:&quot;classic&quot;,&quot;_ha_eqh_enable&quot;:false}\">\n\t\t\t\t\t\t<div class=\"elementor-container elementor-column-gap-default\">\n\t\t\t\t\t<div class=\"elementor-column elementor-col-100 elementor-top-column elementor-element elementor-element-64ce985\" data-id=\"64ce985\" data-element_type=\"column\" data-e-type=\"column\">\n\t\t\t<div class=\"elementor-widget-wrap elementor-element-populated\">\n\t\t\t\t\t\t<div class=\"elementor-element elementor-element-b7cd7f6 elementor-widget-divider--view-line elementor-widget elementor-widget-divider\" data-id=\"b7cd7f6\" data-element_type=\"widget\" data-e-type=\"widget\" data-widget_type=\"divider.default\">\n\t\t\t\t\t\t\t<div class=\"elementor-divider\">\n\t\t\t<span class=\"elementor-divider-separator\">\n\t\t\t\t\t\t<\/span>\n\t\t<\/div>\n\t\t\t\t\t\t<\/div>\n\t\t\t\t<div class=\"elementor-element elementor-element-cc7505c elementor-widget__width-initial elementor-widget elementor-widget-heading\" data-id=\"cc7505c\" data-element_type=\"widget\" data-e-type=\"widget\" data-widget_type=\"heading.default\">\n\t\t\t\t\t<h2 class=\"elementor-heading-title elementor-size-default\">Azur: a brief history<\/h2>\t\t\t\t<\/div>\n\t\t\t\t<div class=\"elementor-element elementor-element-5567ace elementor-widget elementor-widget-text-editor\" data-id=\"5567ace\" data-element_type=\"widget\" data-e-type=\"widget\" data-widget_type=\"text-editor.default\">\n\t\t\t\t\t\t\t\t\t<ul>\n<li>The first version of the Azur platform was launched in 1999. It has undergone several rewrites over the years and has changed its look several times. <\/li>\n<li>In addition to being used in a large number of companies and public and semi-public organizations, Azur has been at the heart of accounting operations for several institutions in Quebec&#8217;s healthcare network for many years.<\/li>\n<li>Azur, with its configuration capabilities, offers several variations that allow for specific features to be presented for each sector of activity. One of these is used in particular by our subsidiary, Algo Payroll Services, to produce payrolls for thousands of companies in Canada. <\/li>\n<li>Each version (12 per year) contains improvements and new features developed by our development team. Over the past 10 years, certain components of Azur have been moved or reproduced on the KoneK platform. <\/li>\n<li>The version released in September 2025 is the 275th version of the platform!<\/li>\n<\/ul>\t\t\t\t\t\t\t\t<\/div>\n\t\t\t\t\t<\/div>\n\t\t<\/div>\n\t\t\t\t\t<\/div>\n\t\t<\/section>\n\t\t\t\t<\/div>\n\t\t","protected":false},"excerpt":{"rendered":"<p>Azur A comprehensive and robust platform for your operations Azur is our advanced management platform designed to consolidate your company&#8217;s administrative functions. In addition to offering payroll management, Azur integrates all of our accounting modules. It is also the platform for configuring and managing all environments offered by Algo Design. A powerful platform that adapts [&hellip;]<\/p>\n","protected":false},"author":4,"featured_media":0,"parent":0,"menu_order":5,"comment_status":"closed","ping_status":"closed","template":"elementor_header_footer","meta":{"_acf_changed":false,"footnotes":""},"class_list":["post-18048","page","type-page","status-publish","hentry"],"acf":[],"_links":{"self":[{"href":"https:\/\/www.algodesign.com\/en\/wp-json\/wp\/v2\/pages\/18048","targetHints":{"allow":["GET"]}}],"collection":[{"href":"https:\/\/www.algodesign.com\/en\/wp-json\/wp\/v2\/pages"}],"about":[{"href":"https:\/\/www.algodesign.com\/en\/wp-json\/wp\/v2\/types\/page"}],"author":[{"embeddable":true,"href":"https:\/\/www.algodesign.com\/en\/wp-json\/wp\/v2\/users\/4"}],"replies":[{"embeddable":true,"href":"https:\/\/www.algodesign.com\/en\/wp-json\/wp\/v2\/comments?post=18048"}],"version-history":[{"count":10,"href":"https:\/\/www.algodesign.com\/en\/wp-json\/wp\/v2\/pages\/18048\/revisions"}],"predecessor-version":[{"id":19023,"href":"https:\/\/www.algodesign.com\/en\/wp-json\/wp\/v2\/pages\/18048\/revisions\/19023"}],"wp:attachment":[{"href":"https:\/\/www.algodesign.com\/en\/wp-json\/wp\/v2\/media?parent=18048"}],"curies":[{"name":"wp","href":"https:\/\/api.w.org\/{rel}","templated":true}]}}